{"id":995,"date":"2022-06-22T03:14:59","date_gmt":"2022-06-22T03:14:59","guid":{"rendered":"https:\/\/methodia.mx\/biblioteca\/?post_type=product&#038;p=995"},"modified":"2022-10-12T05:25:58","modified_gmt":"2022-10-12T05:25:58","slug":"orden-de-cambio","status":"publish","type":"product","link":"https:\/\/methodia.mx\/biblioteca\/producto\/orden-de-cambio\/","title":{"rendered":"Orden de cambio"},"content":{"rendered":"","protected":false},"excerpt":{"rendered":"<p>Este formato te permitir\u00e1 registrar los cambios que se realizan al proyecto, para poder controlar los recursos asignados, as\u00ed como las repercusiones de tiempos sobre el plan de trabajo y las econ\u00f3micas sobre el presupuesto.<\/p>\n","protected":false},"featured_media":2121,"template":"","meta":{"site-sidebar-layout":"default","site-content-layout":"default","ast-global-header-display":"","ast-main-header-display":"","ast-hfb-above-header-display":"","ast-hfb-below-header-display":"","ast-hfb-mobile-header-display":"","site-post-title":"","ast-breadcrumbs-content":"","ast-featured-img":"","footer-sml-layout":"","theme-transparent-header-meta":"default","adv-header-id-meta":"","stick-header-meta":"","header-above-stick-meta":"","header-main-stick-meta":"","header-below-stick-meta":""},"product_cat":[19,75],"product_tag":[],"_links":{"self":[{"href":"https:\/\/methodia.mx\/biblioteca\/wp-json\/wp\/v2\/product\/995"}],"collection":[{"href":"https:\/\/methodia.mx\/biblioteca\/wp-json\/wp\/v2\/product"}],"about":[{"href":"https:\/\/methodia.mx\/biblioteca\/wp-json\/wp\/v2\/types\/product"}],"wp:featuredmedia":[{"embeddable":true,"href":"https:\/\/methodia.mx\/biblioteca\/wp-json\/wp\/v2\/media\/2121"}],"wp:attachment":[{"href":"https:\/\/methodia.mx\/biblioteca\/wp-json\/wp\/v2\/media?parent=995"}],"wp:term":[{"taxonomy":"product_cat","embeddable":true,"href":"https:\/\/methodia.mx\/biblioteca\/wp-json\/wp\/v2\/product_cat?post=995"},{"taxonomy":"product_tag","embeddable":true,"href":"https:\/\/methodia.mx\/biblioteca\/wp-json\/wp\/v2\/product_tag?post=995"}],"curies":[{"name":"wp","href":"https:\/\/api.w.org\/{rel}","templated":true}]}}