{"id":881,"date":"2022-06-18T05:26:04","date_gmt":"2022-06-18T05:26:04","guid":{"rendered":"https:\/\/methodia.mx\/biblioteca\/?post_type=product&#038;p=881"},"modified":"2022-10-12T05:26:03","modified_gmt":"2022-10-12T05:26:03","slug":"layout-de-etiqueta-de-material","status":"publish","type":"product","link":"https:\/\/methodia.mx\/biblioteca\/producto\/layout-de-etiqueta-de-material\/","title":{"rendered":"Layout de etiqueta de material"},"content":{"rendered":"","protected":false},"excerpt":{"rendered":"<p>Este formato te ayudar\u00e1 a controlar los materiales dentro de tu almac\u00e9n, teniendo en cuenta su fecha de recepci\u00f3n, caducidad y cantidad utilizada, con el objetivo de utilizarlos eficientemente y evitar desperdicios y p\u00e9rdidas.<\/p>\n","protected":false},"featured_media":1808,"template":"","meta":{"site-sidebar-layout":"default","site-content-layout":"default","ast-global-header-display":"","ast-main-header-display":"","ast-hfb-above-header-display":"","ast-hfb-below-header-display":"","ast-hfb-mobile-header-display":"","site-post-title":"","ast-breadcrumbs-content":"","ast-featured-img":"","footer-sml-layout":"","theme-transparent-header-meta":"default","adv-header-id-meta":"","stick-header-meta":"","header-above-stick-meta":"","header-main-stick-meta":"","header-below-stick-meta":""},"product_cat":[66,19],"product_tag":[],"_links":{"self":[{"href":"https:\/\/methodia.mx\/biblioteca\/wp-json\/wp\/v2\/product\/881"}],"collection":[{"href":"https:\/\/methodia.mx\/biblioteca\/wp-json\/wp\/v2\/product"}],"about":[{"href":"https:\/\/methodia.mx\/biblioteca\/wp-json\/wp\/v2\/types\/product"}],"wp:featuredmedia":[{"embeddable":true,"href":"https:\/\/methodia.mx\/biblioteca\/wp-json\/wp\/v2\/media\/1808"}],"wp:attachment":[{"href":"https:\/\/methodia.mx\/biblioteca\/wp-json\/wp\/v2\/media?parent=881"}],"wp:term":[{"taxonomy":"product_cat","embeddable":true,"href":"https:\/\/methodia.mx\/biblioteca\/wp-json\/wp\/v2\/product_cat?post=881"},{"taxonomy":"product_tag","embeddable":true,"href":"https:\/\/methodia.mx\/biblioteca\/wp-json\/wp\/v2\/product_tag?post=881"}],"curies":[{"name":"wp","href":"https:\/\/api.w.org\/{rel}","templated":true}]}}