{"id":875,"date":"2022-06-18T04:22:56","date_gmt":"2022-06-18T04:22:56","guid":{"rendered":"https:\/\/methodia.mx\/biblioteca\/?post_type=product&#038;p=875"},"modified":"2022-10-12T05:26:03","modified_gmt":"2022-10-12T05:26:03","slug":"nominas-y-comisiones-2","status":"publish","type":"product","link":"https:\/\/methodia.mx\/biblioteca\/producto\/nominas-y-comisiones-2\/","title":{"rendered":"N\u00f3minas y comisiones"},"content":{"rendered":"","protected":false},"excerpt":{"rendered":"<p>A trav\u00e9s de esta pol\u00edtica podr\u00e1s definir los lineamientos para realizar el c\u00e1lculo y la dispersi\u00f3n de los pagos de n\u00f3mina y comisiones a los colaboradores<span style=\"font-size: 16px;\">.<\/span><\/p>\n","protected":false},"featured_media":1936,"template":"","meta":{"site-sidebar-layout":"default","site-content-layout":"default","ast-global-header-display":"","ast-main-header-display":"","ast-hfb-above-header-display":"","ast-hfb-below-header-display":"","ast-hfb-mobile-header-display":"","site-post-title":"","ast-breadcrumbs-content":"","ast-featured-img":"","footer-sml-layout":"","theme-transparent-header-meta":"default","adv-header-id-meta":"","stick-header-meta":"","header-above-stick-meta":"","header-main-stick-meta":"","header-below-stick-meta":""},"product_cat":[18,61],"product_tag":[],"_links":{"self":[{"href":"https:\/\/methodia.mx\/biblioteca\/wp-json\/wp\/v2\/product\/875"}],"collection":[{"href":"https:\/\/methodia.mx\/biblioteca\/wp-json\/wp\/v2\/product"}],"about":[{"href":"https:\/\/methodia.mx\/biblioteca\/wp-json\/wp\/v2\/types\/product"}],"wp:featuredmedia":[{"embeddable":true,"href":"https:\/\/methodia.mx\/biblioteca\/wp-json\/wp\/v2\/media\/1936"}],"wp:attachment":[{"href":"https:\/\/methodia.mx\/biblioteca\/wp-json\/wp\/v2\/media?parent=875"}],"wp:term":[{"taxonomy":"product_cat","embeddable":true,"href":"https:\/\/methodia.mx\/biblioteca\/wp-json\/wp\/v2\/product_cat?post=875"},{"taxonomy":"product_tag","embeddable":true,"href":"https:\/\/methodia.mx\/biblioteca\/wp-json\/wp\/v2\/product_tag?post=875"}],"curies":[{"name":"wp","href":"https:\/\/api.w.org\/{rel}","templated":true}]}}