{"id":859,"date":"2022-06-18T04:14:39","date_gmt":"2022-06-18T04:14:39","guid":{"rendered":"https:\/\/methodia.mx\/biblioteca\/?post_type=product&#038;p=859"},"modified":"2022-10-12T05:26:03","modified_gmt":"2022-10-12T05:26:03","slug":"kick-off-2","status":"publish","type":"product","link":"https:\/\/methodia.mx\/biblioteca\/producto\/kick-off-2\/","title":{"rendered":"Kick Off"},"content":{"rendered":"","protected":false},"excerpt":{"rendered":"<p>A partir de esta pol\u00edtica podr\u00e1 definir todos los elementos necesarios para poder preparar el lanzamiento de un proyecto de construcci\u00f3n, as\u00ed como la junta de arranque.<\/p>\n","protected":false},"featured_media":1980,"template":"","meta":{"site-sidebar-layout":"default","site-content-layout":"default","ast-global-header-display":"","ast-main-header-display":"","ast-hfb-above-header-display":"","ast-hfb-below-header-display":"","ast-hfb-mobile-header-display":"","site-post-title":"","ast-breadcrumbs-content":"","ast-featured-img":"","footer-sml-layout":"","theme-transparent-header-meta":"default","adv-header-id-meta":"","stick-header-meta":"","header-above-stick-meta":"","header-main-stick-meta":"","header-below-stick-meta":""},"product_cat":[59,18],"product_tag":[],"_links":{"self":[{"href":"https:\/\/methodia.mx\/biblioteca\/wp-json\/wp\/v2\/product\/859"}],"collection":[{"href":"https:\/\/methodia.mx\/biblioteca\/wp-json\/wp\/v2\/product"}],"about":[{"href":"https:\/\/methodia.mx\/biblioteca\/wp-json\/wp\/v2\/types\/product"}],"wp:featuredmedia":[{"embeddable":true,"href":"https:\/\/methodia.mx\/biblioteca\/wp-json\/wp\/v2\/media\/1980"}],"wp:attachment":[{"href":"https:\/\/methodia.mx\/biblioteca\/wp-json\/wp\/v2\/media?parent=859"}],"wp:term":[{"taxonomy":"product_cat","embeddable":true,"href":"https:\/\/methodia.mx\/biblioteca\/wp-json\/wp\/v2\/product_cat?post=859"},{"taxonomy":"product_tag","embeddable":true,"href":"https:\/\/methodia.mx\/biblioteca\/wp-json\/wp\/v2\/product_tag?post=859"}],"curies":[{"name":"wp","href":"https:\/\/api.w.org\/{rel}","templated":true}]}}