{"id":843,"date":"2022-06-18T04:08:04","date_gmt":"2022-06-18T04:08:04","guid":{"rendered":"https:\/\/methodia.mx\/biblioteca\/?post_type=product&#038;p=843"},"modified":"2022-10-12T05:26:30","modified_gmt":"2022-10-12T05:26:30","slug":"mantenimiento-de-equipo","status":"publish","type":"product","link":"https:\/\/methodia.mx\/biblioteca\/producto\/mantenimiento-de-equipo\/","title":{"rendered":"Mantenimiento de equipo"},"content":{"rendered":"","protected":false},"excerpt":{"rendered":"<p>Esta pol\u00edtica te ayudar\u00e1 a establecer los lineamientos para asegurar la ejecuci\u00f3n en tiempo y forma de la<span style=\"font-weight: 400;\">\u00a0 limpieza general para los equipos y\/o \u00e1reas productivas.<\/span><\/p>\n","protected":false},"featured_media":1989,"template":"","meta":{"site-sidebar-layout":"default","site-content-layout":"default","ast-global-header-display":"","ast-main-header-display":"","ast-hfb-above-header-display":"","ast-hfb-below-header-display":"","ast-hfb-mobile-header-display":"","site-post-title":"","ast-breadcrumbs-content":"","ast-featured-img":"","footer-sml-layout":"","theme-transparent-header-meta":"default","adv-header-id-meta":"","stick-header-meta":"","header-above-stick-meta":"","header-main-stick-meta":"","header-below-stick-meta":""},"product_cat":[59,18],"product_tag":[],"_links":{"self":[{"href":"https:\/\/methodia.mx\/biblioteca\/wp-json\/wp\/v2\/product\/843"}],"collection":[{"href":"https:\/\/methodia.mx\/biblioteca\/wp-json\/wp\/v2\/product"}],"about":[{"href":"https:\/\/methodia.mx\/biblioteca\/wp-json\/wp\/v2\/types\/product"}],"wp:featuredmedia":[{"embeddable":true,"href":"https:\/\/methodia.mx\/biblioteca\/wp-json\/wp\/v2\/media\/1989"}],"wp:attachment":[{"href":"https:\/\/methodia.mx\/biblioteca\/wp-json\/wp\/v2\/media?parent=843"}],"wp:term":[{"taxonomy":"product_cat","embeddable":true,"href":"https:\/\/methodia.mx\/biblioteca\/wp-json\/wp\/v2\/product_cat?post=843"},{"taxonomy":"product_tag","embeddable":true,"href":"https:\/\/methodia.mx\/biblioteca\/wp-json\/wp\/v2\/product_tag?post=843"}],"curies":[{"name":"wp","href":"https:\/\/api.w.org\/{rel}","templated":true}]}}