{"id":817,"date":"2022-06-17T05:35:43","date_gmt":"2022-06-17T05:35:43","guid":{"rendered":"https:\/\/methodia.mx\/biblioteca\/?post_type=product&#038;p=817"},"modified":"2022-10-12T05:26:31","modified_gmt":"2022-10-12T05:26:31","slug":"generacion-de-contenido-para-redes-sociales-2","status":"publish","type":"product","link":"https:\/\/methodia.mx\/biblioteca\/producto\/generacion-de-contenido-para-redes-sociales-2\/","title":{"rendered":"Generaci\u00f3n de contenido para redes sociales"},"content":{"rendered":"","protected":false},"excerpt":{"rendered":"<p><span style=\"font-weight: 400;\">Esta pol\u00edtica te ayudar\u00e1 a definir el proceso para la generaci\u00f3n de contenido para las redes sociales, de acuerdo a los criterios determinados por el \u00e1rea de Marketing.<\/span><\/p>\n","protected":false},"featured_media":1973,"template":"","meta":{"site-sidebar-layout":"default","site-content-layout":"default","ast-global-header-display":"","ast-main-header-display":"","ast-hfb-above-header-display":"","ast-hfb-below-header-display":"","ast-hfb-mobile-header-display":"","site-post-title":"","ast-breadcrumbs-content":"","ast-featured-img":"","footer-sml-layout":"","theme-transparent-header-meta":"default","adv-header-id-meta":"","stick-header-meta":"","header-above-stick-meta":"","header-main-stick-meta":"","header-below-stick-meta":""},"product_cat":[64,18],"product_tag":[],"_links":{"self":[{"href":"https:\/\/methodia.mx\/biblioteca\/wp-json\/wp\/v2\/product\/817"}],"collection":[{"href":"https:\/\/methodia.mx\/biblioteca\/wp-json\/wp\/v2\/product"}],"about":[{"href":"https:\/\/methodia.mx\/biblioteca\/wp-json\/wp\/v2\/types\/product"}],"wp:featuredmedia":[{"embeddable":true,"href":"https:\/\/methodia.mx\/biblioteca\/wp-json\/wp\/v2\/media\/1973"}],"wp:attachment":[{"href":"https:\/\/methodia.mx\/biblioteca\/wp-json\/wp\/v2\/media?parent=817"}],"wp:term":[{"taxonomy":"product_cat","embeddable":true,"href":"https:\/\/methodia.mx\/biblioteca\/wp-json\/wp\/v2\/product_cat?post=817"},{"taxonomy":"product_tag","embeddable":true,"href":"https:\/\/methodia.mx\/biblioteca\/wp-json\/wp\/v2\/product_tag?post=817"}],"curies":[{"name":"wp","href":"https:\/\/api.w.org\/{rel}","templated":true}]}}