{"id":742,"date":"2022-06-17T05:05:52","date_gmt":"2022-06-17T05:05:52","guid":{"rendered":"https:\/\/methodia.mx\/biblioteca\/?post_type=product&#038;p=742"},"modified":"2022-10-12T05:26:33","modified_gmt":"2022-10-12T05:26:33","slug":"cuentas-por-pagar-2","status":"publish","type":"product","link":"https:\/\/methodia.mx\/biblioteca\/producto\/cuentas-por-pagar-2\/","title":{"rendered":"Cuentas por pagar"},"content":{"rendered":"","protected":false},"excerpt":{"rendered":"<p>Esta pol\u00edtica te permitir\u00e1 definir los lineamientos para para realizar el proceso de cuentas por pagar, controlando el registro, la recepci\u00f3n\u00a0 y autorizaci\u00f3n, as\u00ed como el pago de las facturas.<\/p>\n","protected":false},"featured_media":1919,"template":"","meta":{"site-sidebar-layout":"default","site-content-layout":"default","ast-global-header-display":"","ast-main-header-display":"","ast-hfb-above-header-display":"","ast-hfb-below-header-display":"","ast-hfb-mobile-header-display":"","site-post-title":"","ast-breadcrumbs-content":"","ast-featured-img":"","footer-sml-layout":"","theme-transparent-header-meta":"default","adv-header-id-meta":"","stick-header-meta":"","header-above-stick-meta":"","header-main-stick-meta":"","header-below-stick-meta":""},"product_cat":[55,18],"product_tag":[],"_links":{"self":[{"href":"https:\/\/methodia.mx\/biblioteca\/wp-json\/wp\/v2\/product\/742"}],"collection":[{"href":"https:\/\/methodia.mx\/biblioteca\/wp-json\/wp\/v2\/product"}],"about":[{"href":"https:\/\/methodia.mx\/biblioteca\/wp-json\/wp\/v2\/types\/product"}],"wp:featuredmedia":[{"embeddable":true,"href":"https:\/\/methodia.mx\/biblioteca\/wp-json\/wp\/v2\/media\/1919"}],"wp:attachment":[{"href":"https:\/\/methodia.mx\/biblioteca\/wp-json\/wp\/v2\/media?parent=742"}],"wp:term":[{"taxonomy":"product_cat","embeddable":true,"href":"https:\/\/methodia.mx\/biblioteca\/wp-json\/wp\/v2\/product_cat?post=742"},{"taxonomy":"product_tag","embeddable":true,"href":"https:\/\/methodia.mx\/biblioteca\/wp-json\/wp\/v2\/product_tag?post=742"}],"curies":[{"name":"wp","href":"https:\/\/api.w.org\/{rel}","templated":true}]}}