{"id":738,"date":"2022-06-17T05:04:36","date_gmt":"2022-06-17T05:04:36","guid":{"rendered":"https:\/\/methodia.mx\/biblioteca\/?post_type=product&#038;p=738"},"modified":"2022-10-12T05:26:34","modified_gmt":"2022-10-12T05:26:34","slug":"cierre-de-mes-contabilidad","status":"publish","type":"product","link":"https:\/\/methodia.mx\/biblioteca\/producto\/cierre-de-mes-contabilidad\/","title":{"rendered":"Cierre de mes contabilidad"},"content":{"rendered":"","protected":false},"excerpt":{"rendered":"<p>Esta pol\u00edtica te ayudar\u00e1 a definir lineamientos espec\u00edficos para realizar la entrega y an\u00e1lisis de las facturas y comprobantes al finalizar cada mes para realizar las actividades y pago de impuestos necesarios.<\/p>\n","protected":false},"featured_media":1921,"template":"","meta":{"site-sidebar-layout":"default","site-content-layout":"default","ast-global-header-display":"","ast-main-header-display":"","ast-hfb-above-header-display":"","ast-hfb-below-header-display":"","ast-hfb-mobile-header-display":"","site-post-title":"","ast-breadcrumbs-content":"","ast-featured-img":"","footer-sml-layout":"","theme-transparent-header-meta":"default","adv-header-id-meta":"","stick-header-meta":"","header-above-stick-meta":"","header-main-stick-meta":"","header-below-stick-meta":""},"product_cat":[55,18],"product_tag":[],"_links":{"self":[{"href":"https:\/\/methodia.mx\/biblioteca\/wp-json\/wp\/v2\/product\/738"}],"collection":[{"href":"https:\/\/methodia.mx\/biblioteca\/wp-json\/wp\/v2\/product"}],"about":[{"href":"https:\/\/methodia.mx\/biblioteca\/wp-json\/wp\/v2\/types\/product"}],"wp:featuredmedia":[{"embeddable":true,"href":"https:\/\/methodia.mx\/biblioteca\/wp-json\/wp\/v2\/media\/1921"}],"wp:attachment":[{"href":"https:\/\/methodia.mx\/biblioteca\/wp-json\/wp\/v2\/media?parent=738"}],"wp:term":[{"taxonomy":"product_cat","embeddable":true,"href":"https:\/\/methodia.mx\/biblioteca\/wp-json\/wp\/v2\/product_cat?post=738"},{"taxonomy":"product_tag","embeddable":true,"href":"https:\/\/methodia.mx\/biblioteca\/wp-json\/wp\/v2\/product_tag?post=738"}],"curies":[{"name":"wp","href":"https:\/\/api.w.org\/{rel}","templated":true}]}}