{"id":725,"date":"2022-06-17T04:58:35","date_gmt":"2022-06-17T04:58:35","guid":{"rendered":"https:\/\/methodia.mx\/biblioteca\/?post_type=product&#038;p=725"},"modified":"2022-10-12T05:26:34","modified_gmt":"2022-10-12T05:26:34","slug":"contratacion","status":"publish","type":"product","link":"https:\/\/methodia.mx\/biblioteca\/producto\/contratacion\/","title":{"rendered":"Contrataci\u00f3n"},"content":{"rendered":"","protected":false},"excerpt":{"rendered":"<p>Esta pol\u00edtica te permitir\u00e1 establecer los lineamientos para llevar a cabo de manera formal las actividades que implican la contrataci\u00f3n de un proyecto o servicio que ofrezca la empresa hacia un tercero (cliente), considerando la elaboraci\u00f3n de un contrato y todo lo que \u00e9ste debe incluir.<\/p>\n","protected":false},"featured_media":1910,"template":"","meta":{"site-sidebar-layout":"default","site-content-layout":"default","ast-global-header-display":"","ast-main-header-display":"","ast-hfb-above-header-display":"","ast-hfb-below-header-display":"","ast-hfb-mobile-header-display":"","site-post-title":"","ast-breadcrumbs-content":"","ast-featured-img":"","footer-sml-layout":"","theme-transparent-header-meta":"default","adv-header-id-meta":"","stick-header-meta":"","header-above-stick-meta":"","header-main-stick-meta":"","header-below-stick-meta":""},"product_cat":[57,18],"product_tag":[],"_links":{"self":[{"href":"https:\/\/methodia.mx\/biblioteca\/wp-json\/wp\/v2\/product\/725"}],"collection":[{"href":"https:\/\/methodia.mx\/biblioteca\/wp-json\/wp\/v2\/product"}],"about":[{"href":"https:\/\/methodia.mx\/biblioteca\/wp-json\/wp\/v2\/types\/product"}],"wp:featuredmedia":[{"embeddable":true,"href":"https:\/\/methodia.mx\/biblioteca\/wp-json\/wp\/v2\/media\/1910"}],"wp:attachment":[{"href":"https:\/\/methodia.mx\/biblioteca\/wp-json\/wp\/v2\/media?parent=725"}],"wp:term":[{"taxonomy":"product_cat","embeddable":true,"href":"https:\/\/methodia.mx\/biblioteca\/wp-json\/wp\/v2\/product_cat?post=725"},{"taxonomy":"product_tag","embeddable":true,"href":"https:\/\/methodia.mx\/biblioteca\/wp-json\/wp\/v2\/product_tag?post=725"}],"curies":[{"name":"wp","href":"https:\/\/api.w.org\/{rel}","templated":true}]}}