{"id":721,"date":"2022-06-17T04:56:11","date_gmt":"2022-06-17T04:56:11","guid":{"rendered":"https:\/\/methodia.mx\/biblioteca\/?post_type=product&#038;p=721"},"modified":"2022-10-12T05:26:34","modified_gmt":"2022-10-12T05:26:34","slug":"revision-de-viabilidad","status":"publish","type":"product","link":"https:\/\/methodia.mx\/biblioteca\/producto\/revision-de-viabilidad\/","title":{"rendered":"Revisi\u00f3n de viabilidad"},"content":{"rendered":"","protected":false},"excerpt":{"rendered":"<p>Esta pol\u00edtica te permitir\u00e1 establecer los lineamientos para evaluar las oportunidades de negocio considerando los objetivos del negocio en cuanto a viabilidad estrat\u00e9gica y t\u00e9cnica.<\/p>\n","protected":false},"featured_media":1947,"template":"","meta":{"site-sidebar-layout":"default","site-content-layout":"default","ast-global-header-display":"","ast-main-header-display":"","ast-hfb-above-header-display":"","ast-hfb-below-header-display":"","ast-hfb-mobile-header-display":"","site-post-title":"","ast-breadcrumbs-content":"","ast-featured-img":"","footer-sml-layout":"","theme-transparent-header-meta":"default","adv-header-id-meta":"","stick-header-meta":"","header-above-stick-meta":"","header-main-stick-meta":"","header-below-stick-meta":""},"product_cat":[53,18],"product_tag":[],"_links":{"self":[{"href":"https:\/\/methodia.mx\/biblioteca\/wp-json\/wp\/v2\/product\/721"}],"collection":[{"href":"https:\/\/methodia.mx\/biblioteca\/wp-json\/wp\/v2\/product"}],"about":[{"href":"https:\/\/methodia.mx\/biblioteca\/wp-json\/wp\/v2\/types\/product"}],"wp:featuredmedia":[{"embeddable":true,"href":"https:\/\/methodia.mx\/biblioteca\/wp-json\/wp\/v2\/media\/1947"}],"wp:attachment":[{"href":"https:\/\/methodia.mx\/biblioteca\/wp-json\/wp\/v2\/media?parent=721"}],"wp:term":[{"taxonomy":"product_cat","embeddable":true,"href":"https:\/\/methodia.mx\/biblioteca\/wp-json\/wp\/v2\/product_cat?post=721"},{"taxonomy":"product_tag","embeddable":true,"href":"https:\/\/methodia.mx\/biblioteca\/wp-json\/wp\/v2\/product_tag?post=721"}],"curies":[{"name":"wp","href":"https:\/\/api.w.org\/{rel}","templated":true}]}}