{"id":711,"date":"2022-06-16T04:32:31","date_gmt":"2022-06-16T04:32:31","guid":{"rendered":"https:\/\/methodia.mx\/biblioteca\/?post_type=product&#038;p=711"},"modified":"2022-10-12T05:26:34","modified_gmt":"2022-10-12T05:26:34","slug":"macroproceso-diseno-y-proyecto-arquitectonico","status":"publish","type":"product","link":"https:\/\/methodia.mx\/biblioteca\/producto\/macroproceso-diseno-y-proyecto-arquitectonico\/","title":{"rendered":"Macroproceso Dise\u00f1o y proyecto arquitect\u00f3nico"},"content":{"rendered":"","protected":false},"excerpt":{"rendered":"<p>Este diagrama te permitir\u00e1 identificar los procesos a seguir durante el dise\u00f1o del proyecto arquitect\u00f3nico, incluyendo las etapas de venta, estudios previos, ejecuci\u00f3n, cierre, supervisi\u00f3n arquitect\u00f3nica y documentaci\u00f3n.<\/p>\n","protected":false},"featured_media":1503,"template":"","meta":{"site-sidebar-layout":"default","site-content-layout":"default","ast-global-header-display":"","ast-main-header-display":"","ast-hfb-above-header-display":"","ast-hfb-below-header-display":"","ast-hfb-mobile-header-display":"","site-post-title":"","ast-breadcrumbs-content":"","ast-featured-img":"","footer-sml-layout":"","theme-transparent-header-meta":"default","adv-header-id-meta":"","stick-header-meta":"","header-above-stick-meta":"","header-main-stick-meta":"","header-below-stick-meta":""},"product_cat":[17,49],"product_tag":[],"_links":{"self":[{"href":"https:\/\/methodia.mx\/biblioteca\/wp-json\/wp\/v2\/product\/711"}],"collection":[{"href":"https:\/\/methodia.mx\/biblioteca\/wp-json\/wp\/v2\/product"}],"about":[{"href":"https:\/\/methodia.mx\/biblioteca\/wp-json\/wp\/v2\/types\/product"}],"wp:featuredmedia":[{"embeddable":true,"href":"https:\/\/methodia.mx\/biblioteca\/wp-json\/wp\/v2\/media\/1503"}],"wp:attachment":[{"href":"https:\/\/methodia.mx\/biblioteca\/wp-json\/wp\/v2\/media?parent=711"}],"wp:term":[{"taxonomy":"product_cat","embeddable":true,"href":"https:\/\/methodia.mx\/biblioteca\/wp-json\/wp\/v2\/product_cat?post=711"},{"taxonomy":"product_tag","embeddable":true,"href":"https:\/\/methodia.mx\/biblioteca\/wp-json\/wp\/v2\/product_tag?post=711"}],"curies":[{"name":"wp","href":"https:\/\/api.w.org\/{rel}","templated":true}]}}