{"id":643,"date":"2022-06-16T03:49:26","date_gmt":"2022-06-16T03:49:26","guid":{"rendered":"https:\/\/methodia.mx\/biblioteca\/?post_type=product&#038;p=643"},"modified":"2022-10-12T05:26:37","modified_gmt":"2022-10-12T05:26:37","slug":"proceso-de-diseno-para-redes-sociales","status":"publish","type":"product","link":"https:\/\/methodia.mx\/biblioteca\/producto\/proceso-de-diseno-para-redes-sociales\/","title":{"rendered":"Proceso de dise\u00f1o para redes sociales"},"content":{"rendered":"","protected":false},"excerpt":{"rendered":"<p>Este diagrama te permitir\u00e1 definir las actividades necesarias para dise\u00f1ar el tipo de contenido, su formato y la forma de realizarlo, editarlo y publicarlo.<\/p>\n","protected":false},"featured_media":1521,"template":"","meta":{"site-sidebar-layout":"default","site-content-layout":"default","ast-global-header-display":"","ast-main-header-display":"","ast-hfb-above-header-display":"","ast-hfb-below-header-display":"","ast-hfb-mobile-header-display":"","site-post-title":"","ast-breadcrumbs-content":"","ast-featured-img":"","footer-sml-layout":"","theme-transparent-header-meta":"default","adv-header-id-meta":"","stick-header-meta":"","header-above-stick-meta":"","header-main-stick-meta":"","header-below-stick-meta":""},"product_cat":[17,41],"product_tag":[],"_links":{"self":[{"href":"https:\/\/methodia.mx\/biblioteca\/wp-json\/wp\/v2\/product\/643"}],"collection":[{"href":"https:\/\/methodia.mx\/biblioteca\/wp-json\/wp\/v2\/product"}],"about":[{"href":"https:\/\/methodia.mx\/biblioteca\/wp-json\/wp\/v2\/types\/product"}],"wp:featuredmedia":[{"embeddable":true,"href":"https:\/\/methodia.mx\/biblioteca\/wp-json\/wp\/v2\/media\/1521"}],"wp:attachment":[{"href":"https:\/\/methodia.mx\/biblioteca\/wp-json\/wp\/v2\/media?parent=643"}],"wp:term":[{"taxonomy":"product_cat","embeddable":true,"href":"https:\/\/methodia.mx\/biblioteca\/wp-json\/wp\/v2\/product_cat?post=643"},{"taxonomy":"product_tag","embeddable":true,"href":"https:\/\/methodia.mx\/biblioteca\/wp-json\/wp\/v2\/product_tag?post=643"}],"curies":[{"name":"wp","href":"https:\/\/api.w.org\/{rel}","templated":true}]}}