{"id":574,"date":"2022-06-16T02:58:57","date_gmt":"2022-06-16T02:58:57","guid":{"rendered":"https:\/\/methodia.mx\/biblioteca\/?post_type=product&#038;p=574"},"modified":"2022-10-12T05:27:05","modified_gmt":"2022-10-12T05:27:05","slug":"preparacion-de-pagina-de-internet","status":"publish","type":"product","link":"https:\/\/methodia.mx\/biblioteca\/producto\/preparacion-de-pagina-de-internet\/","title":{"rendered":"Preparaci\u00f3n de p\u00e1gina de internet"},"content":{"rendered":"","protected":false},"excerpt":{"rendered":"<p>Este diagrama te permitir\u00e1 establecer las actividades necesarias para la elaboraci\u00f3n de todos los insumos necesarios para alimentar el canal e-commerce de la empresa con el objetivo de agilizar su lanzamiento.<\/p>\n","protected":false},"featured_media":1611,"template":"","meta":{"site-sidebar-layout":"default","site-content-layout":"default","ast-global-header-display":"","ast-main-header-display":"","ast-hfb-above-header-display":"","ast-hfb-below-header-display":"","ast-hfb-mobile-header-display":"","site-post-title":"","ast-breadcrumbs-content":"","ast-featured-img":"","footer-sml-layout":"","theme-transparent-header-meta":"default","adv-header-id-meta":"","stick-header-meta":"","header-above-stick-meta":"","header-main-stick-meta":"","header-below-stick-meta":""},"product_cat":[50,17],"product_tag":[],"_links":{"self":[{"href":"https:\/\/methodia.mx\/biblioteca\/wp-json\/wp\/v2\/product\/574"}],"collection":[{"href":"https:\/\/methodia.mx\/biblioteca\/wp-json\/wp\/v2\/product"}],"about":[{"href":"https:\/\/methodia.mx\/biblioteca\/wp-json\/wp\/v2\/types\/product"}],"wp:featuredmedia":[{"embeddable":true,"href":"https:\/\/methodia.mx\/biblioteca\/wp-json\/wp\/v2\/media\/1611"}],"wp:attachment":[{"href":"https:\/\/methodia.mx\/biblioteca\/wp-json\/wp\/v2\/media?parent=574"}],"wp:term":[{"taxonomy":"product_cat","embeddable":true,"href":"https:\/\/methodia.mx\/biblioteca\/wp-json\/wp\/v2\/product_cat?post=574"},{"taxonomy":"product_tag","embeddable":true,"href":"https:\/\/methodia.mx\/biblioteca\/wp-json\/wp\/v2\/product_tag?post=574"}],"curies":[{"name":"wp","href":"https:\/\/api.w.org\/{rel}","templated":true}]}}