{"id":3958,"date":"2022-12-06T17:28:37","date_gmt":"2022-12-06T17:28:37","guid":{"rendered":"https:\/\/methodia.mx\/biblioteca\/?post_type=product&#038;p=3958"},"modified":"2022-12-13T20:47:50","modified_gmt":"2022-12-13T20:47:50","slug":"gerente-de-compras-en-desarrolladora","status":"publish","type":"product","link":"https:\/\/methodia.mx\/biblioteca\/producto\/gerente-de-compras-en-desarrolladora\/","title":{"rendered":"Gerente de compras en desarrolladora"},"content":{"rendered":"","protected":false},"excerpt":{"rendered":"<p>Con este perfil podr\u00e1s definir las responsabilidades para mantener la base de datos de proveedores actualizada y evaluada, revisar, validar y gestionar las compras para el equipo de operaci\u00f3n y llevar procesos de concursos transparentes, alineados a los est\u00e1ndares m\u00ednimos requeridos para la ejecuci\u00f3n de proyectos del negocio.<\/p>\n","protected":false},"featured_media":3960,"template":"","meta":{"site-sidebar-layout":"default","site-content-layout":"default","ast-global-header-display":"","ast-main-header-display":"","ast-hfb-above-header-display":"","ast-hfb-below-header-display":"","ast-hfb-mobile-header-display":"","site-post-title":"","ast-breadcrumbs-content":"","ast-featured-img":"","footer-sml-layout":"","theme-transparent-header-meta":"default","adv-header-id-meta":"","stick-header-meta":"","header-above-stick-meta":"","header-main-stick-meta":"","header-below-stick-meta":""},"product_cat":[89,20],"product_tag":[],"_links":{"self":[{"href":"https:\/\/methodia.mx\/biblioteca\/wp-json\/wp\/v2\/product\/3958"}],"collection":[{"href":"https:\/\/methodia.mx\/biblioteca\/wp-json\/wp\/v2\/product"}],"about":[{"href":"https:\/\/methodia.mx\/biblioteca\/wp-json\/wp\/v2\/types\/product"}],"wp:featuredmedia":[{"embeddable":true,"href":"https:\/\/methodia.mx\/biblioteca\/wp-json\/wp\/v2\/media\/3960"}],"wp:attachment":[{"href":"https:\/\/methodia.mx\/biblioteca\/wp-json\/wp\/v2\/media?parent=3958"}],"wp:term":[{"taxonomy":"product_cat","embeddable":true,"href":"https:\/\/methodia.mx\/biblioteca\/wp-json\/wp\/v2\/product_cat?post=3958"},{"taxonomy":"product_tag","embeddable":true,"href":"https:\/\/methodia.mx\/biblioteca\/wp-json\/wp\/v2\/product_tag?post=3958"}],"curies":[{"name":"wp","href":"https:\/\/api.w.org\/{rel}","templated":true}]}}