{"id":3955,"date":"2022-12-06T17:24:59","date_gmt":"2022-12-06T17:24:59","guid":{"rendered":"https:\/\/methodia.mx\/biblioteca\/?post_type=product&#038;p=3955"},"modified":"2022-12-13T20:47:54","modified_gmt":"2022-12-13T20:47:54","slug":"gerente-de-crecimiento-en-desarrollos","status":"publish","type":"product","link":"https:\/\/methodia.mx\/biblioteca\/producto\/gerente-de-crecimiento-en-desarrollos\/","title":{"rendered":"Gerente de crecimiento en desarrollos"},"content":{"rendered":"","protected":false},"excerpt":{"rendered":"<p>Con este perfil de puestos podr\u00e1s definir las responsabilidades para ejecutar la estrategia general de expansi\u00f3n de desarrollos comerciales y verticales mediante el an\u00e1lisis de socioecon\u00f3mico, geogr\u00e1fico y financiero de proyectos, socios y\/o terrenos que cumplan con la rentabilidad que busca la empresa.<\/p>\n","protected":false},"featured_media":3957,"template":"","meta":{"site-sidebar-layout":"default","site-content-layout":"default","ast-global-header-display":"","ast-main-header-display":"","ast-hfb-above-header-display":"","ast-hfb-below-header-display":"","ast-hfb-mobile-header-display":"","site-post-title":"","ast-breadcrumbs-content":"","ast-featured-img":"","footer-sml-layout":"","theme-transparent-header-meta":"default","adv-header-id-meta":"","stick-header-meta":"","header-above-stick-meta":"","header-main-stick-meta":"","header-below-stick-meta":""},"product_cat":[84,20],"product_tag":[],"_links":{"self":[{"href":"https:\/\/methodia.mx\/biblioteca\/wp-json\/wp\/v2\/product\/3955"}],"collection":[{"href":"https:\/\/methodia.mx\/biblioteca\/wp-json\/wp\/v2\/product"}],"about":[{"href":"https:\/\/methodia.mx\/biblioteca\/wp-json\/wp\/v2\/types\/product"}],"wp:featuredmedia":[{"embeddable":true,"href":"https:\/\/methodia.mx\/biblioteca\/wp-json\/wp\/v2\/media\/3957"}],"wp:attachment":[{"href":"https:\/\/methodia.mx\/biblioteca\/wp-json\/wp\/v2\/media?parent=3955"}],"wp:term":[{"taxonomy":"product_cat","embeddable":true,"href":"https:\/\/methodia.mx\/biblioteca\/wp-json\/wp\/v2\/product_cat?post=3955"},{"taxonomy":"product_tag","embeddable":true,"href":"https:\/\/methodia.mx\/biblioteca\/wp-json\/wp\/v2\/product_tag?post=3955"}],"curies":[{"name":"wp","href":"https:\/\/api.w.org\/{rel}","templated":true}]}}