{"id":3927,"date":"2022-12-06T15:52:50","date_gmt":"2022-12-06T15:52:50","guid":{"rendered":"https:\/\/methodia.mx\/biblioteca\/?post_type=product&#038;p=3927"},"modified":"2022-12-13T20:48:38","modified_gmt":"2022-12-13T20:48:38","slug":"definicion-de-objetivos-y-estrategias-y-su-evaluacion","status":"publish","type":"product","link":"https:\/\/methodia.mx\/biblioteca\/producto\/definicion-de-objetivos-y-estrategias-y-su-evaluacion\/","title":{"rendered":"Definici\u00f3n de objetivos y estrategias y su evaluaci\u00f3n"},"content":{"rendered":"","protected":false},"excerpt":{"rendered":"<p>Te ayudar\u00e1 tener este formato para definir el objetivo de tu negocio, las estrategias por medio de las cuales podr\u00e1s cumplir el objetivo y los t\u00e9rminos par la evaluaci\u00f3n registrando fecha de revisi\u00f3n, identificar si se logr\u00f3 y poner observaciones.<\/p>\n","protected":false},"featured_media":3929,"template":"","meta":{"site-sidebar-layout":"default","site-content-layout":"default","ast-global-header-display":"","ast-main-header-display":"","ast-hfb-above-header-display":"","ast-hfb-below-header-display":"","ast-hfb-mobile-header-display":"","site-post-title":"","ast-breadcrumbs-content":"","ast-featured-img":"","footer-sml-layout":"","theme-transparent-header-meta":"default","adv-header-id-meta":"","stick-header-meta":"","header-above-stick-meta":"","header-main-stick-meta":"","header-below-stick-meta":""},"product_cat":[19,74],"product_tag":[],"_links":{"self":[{"href":"https:\/\/methodia.mx\/biblioteca\/wp-json\/wp\/v2\/product\/3927"}],"collection":[{"href":"https:\/\/methodia.mx\/biblioteca\/wp-json\/wp\/v2\/product"}],"about":[{"href":"https:\/\/methodia.mx\/biblioteca\/wp-json\/wp\/v2\/types\/product"}],"wp:featuredmedia":[{"embeddable":true,"href":"https:\/\/methodia.mx\/biblioteca\/wp-json\/wp\/v2\/media\/3929"}],"wp:attachment":[{"href":"https:\/\/methodia.mx\/biblioteca\/wp-json\/wp\/v2\/media?parent=3927"}],"wp:term":[{"taxonomy":"product_cat","embeddable":true,"href":"https:\/\/methodia.mx\/biblioteca\/wp-json\/wp\/v2\/product_cat?post=3927"},{"taxonomy":"product_tag","embeddable":true,"href":"https:\/\/methodia.mx\/biblioteca\/wp-json\/wp\/v2\/product_tag?post=3927"}],"curies":[{"name":"wp","href":"https:\/\/api.w.org\/{rel}","templated":true}]}}