{"id":3730,"date":"2022-11-08T05:02:40","date_gmt":"2022-11-08T05:02:40","guid":{"rendered":"https:\/\/methodia.mx\/biblioteca\/?post_type=product&#038;p=3730"},"modified":"2022-12-13T20:50:21","modified_gmt":"2022-12-13T20:50:21","slug":"gerente-de-proyecto","status":"publish","type":"product","link":"https:\/\/methodia.mx\/biblioteca\/producto\/gerente-de-proyecto\/","title":{"rendered":"Gerente de proyecto"},"content":{"rendered":"","protected":false},"excerpt":{"rendered":"<p>Esta descripci\u00f3n de puesto te ayudar\u00e1 a establecer las responsabilidades para asegurar el \u00e9xito de la construcci\u00f3n dentro de los par\u00e1metros de costo, tiempo y calidad de acuerdo a las especificaciones de arquitectura, estructura e instalaciones establecidas para el proyecto cumpliendo con los procesos y pol\u00edticas de la organizaci\u00f3n.<\/p>\n","protected":false},"featured_media":3732,"template":"","meta":{"site-sidebar-layout":"default","site-content-layout":"default","ast-global-header-display":"","ast-main-header-display":"","ast-hfb-above-header-display":"","ast-hfb-below-header-display":"","ast-hfb-mobile-header-display":"","site-post-title":"","ast-breadcrumbs-content":"","ast-featured-img":"","footer-sml-layout":"","theme-transparent-header-meta":"default","adv-header-id-meta":"","stick-header-meta":"","header-above-stick-meta":"","header-main-stick-meta":"","header-below-stick-meta":""},"product_cat":[109,20],"product_tag":[],"_links":{"self":[{"href":"https:\/\/methodia.mx\/biblioteca\/wp-json\/wp\/v2\/product\/3730"}],"collection":[{"href":"https:\/\/methodia.mx\/biblioteca\/wp-json\/wp\/v2\/product"}],"about":[{"href":"https:\/\/methodia.mx\/biblioteca\/wp-json\/wp\/v2\/types\/product"}],"wp:featuredmedia":[{"embeddable":true,"href":"https:\/\/methodia.mx\/biblioteca\/wp-json\/wp\/v2\/media\/3732"}],"wp:attachment":[{"href":"https:\/\/methodia.mx\/biblioteca\/wp-json\/wp\/v2\/media?parent=3730"}],"wp:term":[{"taxonomy":"product_cat","embeddable":true,"href":"https:\/\/methodia.mx\/biblioteca\/wp-json\/wp\/v2\/product_cat?post=3730"},{"taxonomy":"product_tag","embeddable":true,"href":"https:\/\/methodia.mx\/biblioteca\/wp-json\/wp\/v2\/product_tag?post=3730"}],"curies":[{"name":"wp","href":"https:\/\/api.w.org\/{rel}","templated":true}]}}