{"id":3724,"date":"2022-11-08T04:57:37","date_gmt":"2022-11-08T04:57:37","guid":{"rendered":"https:\/\/methodia.mx\/biblioteca\/?post_type=product&#038;p=3724"},"modified":"2022-12-13T20:50:36","modified_gmt":"2022-12-13T20:50:36","slug":"coordinador-de-redes-sociales-2","status":"publish","type":"product","link":"https:\/\/methodia.mx\/biblioteca\/producto\/coordinador-de-redes-sociales-2\/","title":{"rendered":"Coordinador de redes sociales"},"content":{"rendered":"","protected":false},"excerpt":{"rendered":"<p>Este perfil de puestos te ayudar\u00e1 a definir las responsabilidades para realizar la gesti\u00f3n, desarrollo y administraci\u00f3n de redes sociales y de las comunidades digitales de acuerdo a la estrategia global del negocio.<\/p>\n","protected":false},"featured_media":3726,"template":"","meta":{"site-sidebar-layout":"default","site-content-layout":"default","ast-global-header-display":"","ast-main-header-display":"","ast-hfb-above-header-display":"","ast-hfb-below-header-display":"","ast-hfb-mobile-header-display":"","site-post-title":"","ast-breadcrumbs-content":"","ast-featured-img":"","footer-sml-layout":"","theme-transparent-header-meta":"default","adv-header-id-meta":"","stick-header-meta":"","header-above-stick-meta":"","header-main-stick-meta":"","header-below-stick-meta":""},"product_cat":[108,20],"product_tag":[],"_links":{"self":[{"href":"https:\/\/methodia.mx\/biblioteca\/wp-json\/wp\/v2\/product\/3724"}],"collection":[{"href":"https:\/\/methodia.mx\/biblioteca\/wp-json\/wp\/v2\/product"}],"about":[{"href":"https:\/\/methodia.mx\/biblioteca\/wp-json\/wp\/v2\/types\/product"}],"wp:featuredmedia":[{"embeddable":true,"href":"https:\/\/methodia.mx\/biblioteca\/wp-json\/wp\/v2\/media\/3726"}],"wp:attachment":[{"href":"https:\/\/methodia.mx\/biblioteca\/wp-json\/wp\/v2\/media?parent=3724"}],"wp:term":[{"taxonomy":"product_cat","embeddable":true,"href":"https:\/\/methodia.mx\/biblioteca\/wp-json\/wp\/v2\/product_cat?post=3724"},{"taxonomy":"product_tag","embeddable":true,"href":"https:\/\/methodia.mx\/biblioteca\/wp-json\/wp\/v2\/product_tag?post=3724"}],"curies":[{"name":"wp","href":"https:\/\/api.w.org\/{rel}","templated":true}]}}