{"id":3629,"date":"2022-11-03T16:39:43","date_gmt":"2022-11-03T16:39:43","guid":{"rendered":"https:\/\/methodia.mx\/biblioteca\/?post_type=product&#038;p=3629"},"modified":"2022-12-13T20:52:01","modified_gmt":"2022-12-13T20:52:01","slug":"desarrollo-de-portafolio-proyectos-terminados","status":"publish","type":"product","link":"https:\/\/methodia.mx\/biblioteca\/producto\/desarrollo-de-portafolio-proyectos-terminados\/","title":{"rendered":"Desarrollo de portafolio proyectos terminados"},"content":{"rendered":"","protected":false},"excerpt":{"rendered":"<p>Contar con este diagrama estandarizado en tu negocio, te ayudar\u00e1 a tener en proceso la documentaci\u00f3n del proyecto terminado en construcci\u00f3n, con fines de portafolio, publicaciones, o dem\u00e1s inter\u00e9s. Contar\u00e1s con una gu\u00eda de los involucrados clave y su participaci\u00f3n.<\/p>\n","protected":false},"featured_media":3631,"template":"","meta":{"site-sidebar-layout":"default","site-content-layout":"default","ast-global-header-display":"","ast-main-header-display":"","ast-hfb-above-header-display":"","ast-hfb-below-header-display":"","ast-hfb-mobile-header-display":"","site-post-title":"","ast-breadcrumbs-content":"","ast-featured-img":"","footer-sml-layout":"","theme-transparent-header-meta":"default","adv-header-id-meta":"","stick-header-meta":"","header-above-stick-meta":"","header-main-stick-meta":"","header-below-stick-meta":""},"product_cat":[17,49],"product_tag":[],"_links":{"self":[{"href":"https:\/\/methodia.mx\/biblioteca\/wp-json\/wp\/v2\/product\/3629"}],"collection":[{"href":"https:\/\/methodia.mx\/biblioteca\/wp-json\/wp\/v2\/product"}],"about":[{"href":"https:\/\/methodia.mx\/biblioteca\/wp-json\/wp\/v2\/types\/product"}],"wp:featuredmedia":[{"embeddable":true,"href":"https:\/\/methodia.mx\/biblioteca\/wp-json\/wp\/v2\/media\/3631"}],"wp:attachment":[{"href":"https:\/\/methodia.mx\/biblioteca\/wp-json\/wp\/v2\/media?parent=3629"}],"wp:term":[{"taxonomy":"product_cat","embeddable":true,"href":"https:\/\/methodia.mx\/biblioteca\/wp-json\/wp\/v2\/product_cat?post=3629"},{"taxonomy":"product_tag","embeddable":true,"href":"https:\/\/methodia.mx\/biblioteca\/wp-json\/wp\/v2\/product_tag?post=3629"}],"curies":[{"name":"wp","href":"https:\/\/api.w.org\/{rel}","templated":true}]}}