{"id":3617,"date":"2022-11-03T16:23:15","date_gmt":"2022-11-03T16:23:15","guid":{"rendered":"https:\/\/methodia.mx\/biblioteca\/?post_type=product&#038;p=3617"},"modified":"2022-12-13T20:51:43","modified_gmt":"2022-12-13T20:51:43","slug":"desarrollo-etapa-proyecto-arquitectonico","status":"publish","type":"product","link":"https:\/\/methodia.mx\/biblioteca\/producto\/desarrollo-etapa-proyecto-arquitectonico\/","title":{"rendered":"Desarrollo etapa proyecto arquitect\u00f3nico"},"content":{"rendered":"","protected":false},"excerpt":{"rendered":"<p>Con este diagrama podr\u00e1s asegurar contar con lo m\u00ednimo para generar un proyecto arquitect\u00f3nico completo y en forma, llevando un control de validaciones internas y con el cliente.<\/p>\n","protected":false},"featured_media":3619,"template":"","meta":{"site-sidebar-layout":"default","site-content-layout":"default","ast-global-header-display":"","ast-main-header-display":"","ast-hfb-above-header-display":"","ast-hfb-below-header-display":"","ast-hfb-mobile-header-display":"","site-post-title":"","ast-breadcrumbs-content":"","ast-featured-img":"","footer-sml-layout":"","theme-transparent-header-meta":"default","adv-header-id-meta":"","stick-header-meta":"","header-above-stick-meta":"","header-main-stick-meta":"","header-below-stick-meta":""},"product_cat":[17,49],"product_tag":[],"_links":{"self":[{"href":"https:\/\/methodia.mx\/biblioteca\/wp-json\/wp\/v2\/product\/3617"}],"collection":[{"href":"https:\/\/methodia.mx\/biblioteca\/wp-json\/wp\/v2\/product"}],"about":[{"href":"https:\/\/methodia.mx\/biblioteca\/wp-json\/wp\/v2\/types\/product"}],"wp:featuredmedia":[{"embeddable":true,"href":"https:\/\/methodia.mx\/biblioteca\/wp-json\/wp\/v2\/media\/3619"}],"wp:attachment":[{"href":"https:\/\/methodia.mx\/biblioteca\/wp-json\/wp\/v2\/media?parent=3617"}],"wp:term":[{"taxonomy":"product_cat","embeddable":true,"href":"https:\/\/methodia.mx\/biblioteca\/wp-json\/wp\/v2\/product_cat?post=3617"},{"taxonomy":"product_tag","embeddable":true,"href":"https:\/\/methodia.mx\/biblioteca\/wp-json\/wp\/v2\/product_tag?post=3617"}],"curies":[{"name":"wp","href":"https:\/\/api.w.org\/{rel}","templated":true}]}}