{"id":3368,"date":"2022-10-07T19:50:52","date_gmt":"2022-10-07T19:50:52","guid":{"rendered":"https:\/\/methodia.mx\/biblioteca\/?post_type=product&#038;p=3368"},"modified":"2022-10-12T05:23:54","modified_gmt":"2022-10-12T05:23:54","slug":"gestion-de-pruebas-en-sitio","status":"publish","type":"product","link":"https:\/\/methodia.mx\/biblioteca\/producto\/gestion-de-pruebas-en-sitio\/","title":{"rendered":"Gesti\u00f3n de pruebas en sitio"},"content":{"rendered":"","protected":false},"excerpt":{"rendered":"<p>Esta pol\u00edtica te ayudar\u00e1 a establecer un proceso estandarizado para la planeaci\u00f3n, ejecuci\u00f3n, seguimiento y cierre de las pruebas realizadas en la l\u00ednea del Cliente cumpliendo con los criterios establecidos por Direcci\u00f3n.<\/p>\n","protected":false},"featured_media":3370,"template":"","meta":{"site-sidebar-layout":"default","site-content-layout":"default","ast-global-header-display":"","ast-main-header-display":"","ast-hfb-above-header-display":"","ast-hfb-below-header-display":"","ast-hfb-mobile-header-display":"","site-post-title":"","ast-breadcrumbs-content":"","ast-featured-img":"","footer-sml-layout":"","theme-transparent-header-meta":"default","adv-header-id-meta":"","stick-header-meta":"","header-above-stick-meta":"","header-main-stick-meta":"","header-below-stick-meta":""},"product_cat":[106],"product_tag":[],"_links":{"self":[{"href":"https:\/\/methodia.mx\/biblioteca\/wp-json\/wp\/v2\/product\/3368"}],"collection":[{"href":"https:\/\/methodia.mx\/biblioteca\/wp-json\/wp\/v2\/product"}],"about":[{"href":"https:\/\/methodia.mx\/biblioteca\/wp-json\/wp\/v2\/types\/product"}],"wp:featuredmedia":[{"embeddable":true,"href":"https:\/\/methodia.mx\/biblioteca\/wp-json\/wp\/v2\/media\/3370"}],"wp:attachment":[{"href":"https:\/\/methodia.mx\/biblioteca\/wp-json\/wp\/v2\/media?parent=3368"}],"wp:term":[{"taxonomy":"product_cat","embeddable":true,"href":"https:\/\/methodia.mx\/biblioteca\/wp-json\/wp\/v2\/product_cat?post=3368"},{"taxonomy":"product_tag","embeddable":true,"href":"https:\/\/methodia.mx\/biblioteca\/wp-json\/wp\/v2\/product_tag?post=3368"}],"curies":[{"name":"wp","href":"https:\/\/api.w.org\/{rel}","templated":true}]}}