{"id":3300,"date":"2022-10-06T02:39:58","date_gmt":"2022-10-06T02:39:58","guid":{"rendered":"https:\/\/methodia.mx\/biblioteca\/?post_type=product&#038;p=3300"},"modified":"2022-10-12T05:23:55","modified_gmt":"2022-10-12T05:23:55","slug":"plan-de-abastecimientos-3","status":"publish","type":"product","link":"https:\/\/methodia.mx\/biblioteca\/producto\/plan-de-abastecimientos-3\/","title":{"rendered":"Plan de abastecimientos"},"content":{"rendered":"","protected":false},"excerpt":{"rendered":"<p>Con este proceso podr\u00e1s planear y preveer las compras de los insumos necesarios durante el proyecto, identificando los cr\u00edticos por temas de tiempo de entrega y realizando b\u00fasqueda de ahorros, con esto definido podr\u00e1s tener una ejecuci\u00f3n en tiempo y forma en cuanto a abastecimientos.<\/p>\n","protected":false},"featured_media":3302,"template":"","meta":{"site-sidebar-layout":"default","site-content-layout":"default","ast-global-header-display":"","ast-main-header-display":"","ast-hfb-above-header-display":"","ast-hfb-below-header-display":"","ast-hfb-mobile-header-display":"","site-post-title":"","ast-breadcrumbs-content":"","ast-featured-img":"","footer-sml-layout":"","theme-transparent-header-meta":"default","adv-header-id-meta":"","stick-header-meta":"","header-above-stick-meta":"","header-main-stick-meta":"","header-below-stick-meta":""},"product_cat":[47],"product_tag":[],"_links":{"self":[{"href":"https:\/\/methodia.mx\/biblioteca\/wp-json\/wp\/v2\/product\/3300"}],"collection":[{"href":"https:\/\/methodia.mx\/biblioteca\/wp-json\/wp\/v2\/product"}],"about":[{"href":"https:\/\/methodia.mx\/biblioteca\/wp-json\/wp\/v2\/types\/product"}],"wp:featuredmedia":[{"embeddable":true,"href":"https:\/\/methodia.mx\/biblioteca\/wp-json\/wp\/v2\/media\/3302"}],"wp:attachment":[{"href":"https:\/\/methodia.mx\/biblioteca\/wp-json\/wp\/v2\/media?parent=3300"}],"wp:term":[{"taxonomy":"product_cat","embeddable":true,"href":"https:\/\/methodia.mx\/biblioteca\/wp-json\/wp\/v2\/product_cat?post=3300"},{"taxonomy":"product_tag","embeddable":true,"href":"https:\/\/methodia.mx\/biblioteca\/wp-json\/wp\/v2\/product_tag?post=3300"}],"curies":[{"name":"wp","href":"https:\/\/api.w.org\/{rel}","templated":true}]}}