{"id":3043,"date":"2022-09-02T15:17:32","date_gmt":"2022-09-02T15:17:32","guid":{"rendered":"https:\/\/methodia.mx\/biblioteca\/?post_type=product&#038;p=3043"},"modified":"2022-10-12T05:23:57","modified_gmt":"2022-10-12T05:23:57","slug":"requisicion-de-contrato-de-obra","status":"publish","type":"product","link":"https:\/\/methodia.mx\/biblioteca\/producto\/requisicion-de-contrato-de-obra\/","title":{"rendered":"Requisicio\u0301n de contrato de obra"},"content":{"rendered":"","protected":false},"excerpt":{"rendered":"<p>Este formato te ayudar\u00e1 a tener un orden en la solicitud de contratos de obra y claridad de la informaci\u00f3n necesaria para generarlos, asegurando tambi\u00e9n la falta de contratos.<\/p>\n","protected":false},"featured_media":3045,"template":"","meta":{"site-sidebar-layout":"default","site-content-layout":"default","ast-global-header-display":"","ast-main-header-display":"","ast-hfb-above-header-display":"","ast-hfb-below-header-display":"","ast-hfb-mobile-header-display":"","site-post-title":"","ast-breadcrumbs-content":"","ast-featured-img":"","footer-sml-layout":"","theme-transparent-header-meta":"default","adv-header-id-meta":"","stick-header-meta":"","header-above-stick-meta":"","header-main-stick-meta":"","header-below-stick-meta":""},"product_cat":[102],"product_tag":[],"_links":{"self":[{"href":"https:\/\/methodia.mx\/biblioteca\/wp-json\/wp\/v2\/product\/3043"}],"collection":[{"href":"https:\/\/methodia.mx\/biblioteca\/wp-json\/wp\/v2\/product"}],"about":[{"href":"https:\/\/methodia.mx\/biblioteca\/wp-json\/wp\/v2\/types\/product"}],"wp:featuredmedia":[{"embeddable":true,"href":"https:\/\/methodia.mx\/biblioteca\/wp-json\/wp\/v2\/media\/3045"}],"wp:attachment":[{"href":"https:\/\/methodia.mx\/biblioteca\/wp-json\/wp\/v2\/media?parent=3043"}],"wp:term":[{"taxonomy":"product_cat","embeddable":true,"href":"https:\/\/methodia.mx\/biblioteca\/wp-json\/wp\/v2\/product_cat?post=3043"},{"taxonomy":"product_tag","embeddable":true,"href":"https:\/\/methodia.mx\/biblioteca\/wp-json\/wp\/v2\/product_tag?post=3043"}],"curies":[{"name":"wp","href":"https:\/\/api.w.org\/{rel}","templated":true}]}}