{"id":2990,"date":"2022-09-01T16:50:13","date_gmt":"2022-09-01T16:50:13","guid":{"rendered":"https:\/\/methodia.mx\/biblioteca\/?post_type=product&#038;p=2990"},"modified":"2022-10-12T05:23:58","modified_gmt":"2022-10-12T05:23:58","slug":"calendario-de-mantenimiento-a-equipos","status":"publish","type":"product","link":"https:\/\/methodia.mx\/biblioteca\/producto\/calendario-de-mantenimiento-a-equipos\/","title":{"rendered":"Calendario de mantenimiento a equipos"},"content":{"rendered":"","protected":false},"excerpt":{"rendered":"<p>Este diagrama te ayudar\u00e1 a llevar un control y seguimiento de los mantenimientos de equipos, herramientas, instalaciones, etc., as\u00ed como, gestionar mantenimientos o reparaciones durante la operaci\u00f3n.<\/p>\n","protected":false},"featured_media":2992,"template":"","meta":{"site-sidebar-layout":"default","site-content-layout":"default","ast-global-header-display":"","ast-main-header-display":"","ast-hfb-above-header-display":"","ast-hfb-below-header-display":"","ast-hfb-mobile-header-display":"","site-post-title":"","ast-breadcrumbs-content":"","ast-featured-img":"","footer-sml-layout":"","theme-transparent-header-meta":"default","adv-header-id-meta":"","stick-header-meta":"","header-above-stick-meta":"","header-main-stick-meta":"","header-below-stick-meta":""},"product_cat":[42],"product_tag":[],"_links":{"self":[{"href":"https:\/\/methodia.mx\/biblioteca\/wp-json\/wp\/v2\/product\/2990"}],"collection":[{"href":"https:\/\/methodia.mx\/biblioteca\/wp-json\/wp\/v2\/product"}],"about":[{"href":"https:\/\/methodia.mx\/biblioteca\/wp-json\/wp\/v2\/types\/product"}],"wp:featuredmedia":[{"embeddable":true,"href":"https:\/\/methodia.mx\/biblioteca\/wp-json\/wp\/v2\/media\/2992"}],"wp:attachment":[{"href":"https:\/\/methodia.mx\/biblioteca\/wp-json\/wp\/v2\/media?parent=2990"}],"wp:term":[{"taxonomy":"product_cat","embeddable":true,"href":"https:\/\/methodia.mx\/biblioteca\/wp-json\/wp\/v2\/product_cat?post=2990"},{"taxonomy":"product_tag","embeddable":true,"href":"https:\/\/methodia.mx\/biblioteca\/wp-json\/wp\/v2\/product_tag?post=2990"}],"curies":[{"name":"wp","href":"https:\/\/api.w.org\/{rel}","templated":true}]}}