{"id":2721,"date":"2022-08-10T16:11:28","date_gmt":"2022-08-10T16:11:28","guid":{"rendered":"https:\/\/methodia.mx\/biblioteca\/?post_type=product&#038;p=2721"},"modified":"2022-10-12T05:23:59","modified_gmt":"2022-10-12T05:23:59","slug":"lider-de-diseno","status":"publish","type":"product","link":"https:\/\/methodia.mx\/biblioteca\/producto\/lider-de-diseno\/","title":{"rendered":"L\u00edder de dise\u00f1o"},"content":{"rendered":"","protected":false},"excerpt":{"rendered":"<p>Este perfil de puestos te ayudar\u00e1 a establecer las responsabilidades de la gesti\u00f3n de dise\u00f1os de acuerdo a especificaciones y requisitos del cliente y de la marca, cumpliendo con la calidad de materiales y acabados establecidos por Direcci\u00f3n.<\/p>\n","protected":false},"featured_media":2723,"template":"","meta":{"site-sidebar-layout":"default","site-content-layout":"default","ast-global-header-display":"","ast-main-header-display":"","ast-hfb-above-header-display":"","ast-hfb-below-header-display":"","ast-hfb-mobile-header-display":"","site-post-title":"","ast-breadcrumbs-content":"","ast-featured-img":"","footer-sml-layout":"","theme-transparent-header-meta":"default","adv-header-id-meta":"","stick-header-meta":"","header-above-stick-meta":"","header-main-stick-meta":"","header-below-stick-meta":""},"product_cat":[86],"product_tag":[],"_links":{"self":[{"href":"https:\/\/methodia.mx\/biblioteca\/wp-json\/wp\/v2\/product\/2721"}],"collection":[{"href":"https:\/\/methodia.mx\/biblioteca\/wp-json\/wp\/v2\/product"}],"about":[{"href":"https:\/\/methodia.mx\/biblioteca\/wp-json\/wp\/v2\/types\/product"}],"wp:featuredmedia":[{"embeddable":true,"href":"https:\/\/methodia.mx\/biblioteca\/wp-json\/wp\/v2\/media\/2723"}],"wp:attachment":[{"href":"https:\/\/methodia.mx\/biblioteca\/wp-json\/wp\/v2\/media?parent=2721"}],"wp:term":[{"taxonomy":"product_cat","embeddable":true,"href":"https:\/\/methodia.mx\/biblioteca\/wp-json\/wp\/v2\/product_cat?post=2721"},{"taxonomy":"product_tag","embeddable":true,"href":"https:\/\/methodia.mx\/biblioteca\/wp-json\/wp\/v2\/product_tag?post=2721"}],"curies":[{"name":"wp","href":"https:\/\/api.w.org\/{rel}","templated":true}]}}