{"id":2715,"date":"2022-08-10T16:02:25","date_gmt":"2022-08-10T16:02:25","guid":{"rendered":"https:\/\/methodia.mx\/biblioteca\/?post_type=product&#038;p=2715"},"modified":"2022-10-12T05:23:59","modified_gmt":"2022-10-12T05:23:59","slug":"jefe-de-operaciones-de-produccion","status":"publish","type":"product","link":"https:\/\/methodia.mx\/biblioteca\/producto\/jefe-de-operaciones-de-produccion\/","title":{"rendered":"Jefe de operaciones de producci\u00f3n"},"content":{"rendered":"","protected":false},"excerpt":{"rendered":"<p>Con esta descripci\u00f3n de puesto, podr\u00e1s definir las actividades para asegurar el \u00e9xito de los proyectos en tiempo, costo y calidad, a trav\u00e9s de la planeaci\u00f3n, coordinaci\u00f3n y control de las actividades del mismo.<\/p>\n","protected":false},"featured_media":2717,"template":"","meta":{"site-sidebar-layout":"default","site-content-layout":"default","ast-global-header-display":"","ast-main-header-display":"","ast-hfb-above-header-display":"","ast-hfb-below-header-display":"","ast-hfb-mobile-header-display":"","site-post-title":"","ast-breadcrumbs-content":"","ast-featured-img":"","footer-sml-layout":"","theme-transparent-header-meta":"default","adv-header-id-meta":"","stick-header-meta":"","header-above-stick-meta":"","header-main-stick-meta":"","header-below-stick-meta":""},"product_cat":[86],"product_tag":[],"_links":{"self":[{"href":"https:\/\/methodia.mx\/biblioteca\/wp-json\/wp\/v2\/product\/2715"}],"collection":[{"href":"https:\/\/methodia.mx\/biblioteca\/wp-json\/wp\/v2\/product"}],"about":[{"href":"https:\/\/methodia.mx\/biblioteca\/wp-json\/wp\/v2\/types\/product"}],"wp:featuredmedia":[{"embeddable":true,"href":"https:\/\/methodia.mx\/biblioteca\/wp-json\/wp\/v2\/media\/2717"}],"wp:attachment":[{"href":"https:\/\/methodia.mx\/biblioteca\/wp-json\/wp\/v2\/media?parent=2715"}],"wp:term":[{"taxonomy":"product_cat","embeddable":true,"href":"https:\/\/methodia.mx\/biblioteca\/wp-json\/wp\/v2\/product_cat?post=2715"},{"taxonomy":"product_tag","embeddable":true,"href":"https:\/\/methodia.mx\/biblioteca\/wp-json\/wp\/v2\/product_tag?post=2715"}],"curies":[{"name":"wp","href":"https:\/\/api.w.org\/{rel}","templated":true}]}}