{"id":2630,"date":"2022-08-09T16:38:11","date_gmt":"2022-08-09T16:38:11","guid":{"rendered":"https:\/\/methodia.mx\/biblioteca\/?post_type=product&#038;p=2630"},"modified":"2022-10-12T05:24:28","modified_gmt":"2022-10-12T05:24:28","slug":"logistica-de-concursos-2","status":"publish","type":"product","link":"https:\/\/methodia.mx\/biblioteca\/producto\/logistica-de-concursos-2\/","title":{"rendered":"Log\u00edstica de concursos"},"content":{"rendered":"","protected":false},"excerpt":{"rendered":"<p>Con la ayuda de estas pol\u00edticas, podr\u00e1s definir un proceso ordenado, sistematizado y transparente que permita contratar al proveedor que cumpla con los intereses de la empresa en t\u00e9rminos econ\u00f3micos, tiempo y calidad.<\/p>\n","protected":false},"featured_media":2639,"template":"","meta":{"site-sidebar-layout":"default","site-content-layout":"default","ast-global-header-display":"","ast-main-header-display":"","ast-hfb-above-header-display":"","ast-hfb-below-header-display":"","ast-hfb-mobile-header-display":"","site-post-title":"","ast-breadcrumbs-content":"","ast-featured-img":"","footer-sml-layout":"","theme-transparent-header-meta":"default","adv-header-id-meta":"","stick-header-meta":"","header-above-stick-meta":"","header-main-stick-meta":"","header-below-stick-meta":""},"product_cat":[99],"product_tag":[],"_links":{"self":[{"href":"https:\/\/methodia.mx\/biblioteca\/wp-json\/wp\/v2\/product\/2630"}],"collection":[{"href":"https:\/\/methodia.mx\/biblioteca\/wp-json\/wp\/v2\/product"}],"about":[{"href":"https:\/\/methodia.mx\/biblioteca\/wp-json\/wp\/v2\/types\/product"}],"wp:featuredmedia":[{"embeddable":true,"href":"https:\/\/methodia.mx\/biblioteca\/wp-json\/wp\/v2\/media\/2639"}],"wp:attachment":[{"href":"https:\/\/methodia.mx\/biblioteca\/wp-json\/wp\/v2\/media?parent=2630"}],"wp:term":[{"taxonomy":"product_cat","embeddable":true,"href":"https:\/\/methodia.mx\/biblioteca\/wp-json\/wp\/v2\/product_cat?post=2630"},{"taxonomy":"product_tag","embeddable":true,"href":"https:\/\/methodia.mx\/biblioteca\/wp-json\/wp\/v2\/product_tag?post=2630"}],"curies":[{"name":"wp","href":"https:\/\/api.w.org\/{rel}","templated":true}]}}