{"id":2587,"date":"2022-08-09T02:46:35","date_gmt":"2022-08-09T02:46:35","guid":{"rendered":"https:\/\/methodia.mx\/biblioteca\/?post_type=product&#038;p=2587"},"modified":"2022-10-12T05:24:29","modified_gmt":"2022-10-12T05:24:29","slug":"catalogo-de-proveedores","status":"publish","type":"product","link":"https:\/\/methodia.mx\/biblioteca\/producto\/catalogo-de-proveedores\/","title":{"rendered":"Cat\u00e1logo de proveedores"},"content":{"rendered":"","protected":false},"excerpt":{"rendered":"<p>Este diagrama te permitir\u00e1 construir una lista actualizada de los proveedores necesarios para abastecer cada insumo dentro de tu organizaci\u00f3n, asegurando la calidad, costo y tiempo determinados por la empresa.<\/p>\n","protected":false},"featured_media":2589,"template":"","meta":{"site-sidebar-layout":"default","site-content-layout":"default","ast-global-header-display":"","ast-main-header-display":"","ast-hfb-above-header-display":"","ast-hfb-below-header-display":"","ast-hfb-mobile-header-display":"","site-post-title":"","ast-breadcrumbs-content":"","ast-featured-img":"","footer-sml-layout":"","theme-transparent-header-meta":"default","adv-header-id-meta":"","stick-header-meta":"","header-above-stick-meta":"","header-main-stick-meta":"","header-below-stick-meta":""},"product_cat":[52],"product_tag":[],"_links":{"self":[{"href":"https:\/\/methodia.mx\/biblioteca\/wp-json\/wp\/v2\/product\/2587"}],"collection":[{"href":"https:\/\/methodia.mx\/biblioteca\/wp-json\/wp\/v2\/product"}],"about":[{"href":"https:\/\/methodia.mx\/biblioteca\/wp-json\/wp\/v2\/types\/product"}],"wp:featuredmedia":[{"embeddable":true,"href":"https:\/\/methodia.mx\/biblioteca\/wp-json\/wp\/v2\/media\/2589"}],"wp:attachment":[{"href":"https:\/\/methodia.mx\/biblioteca\/wp-json\/wp\/v2\/media?parent=2587"}],"wp:term":[{"taxonomy":"product_cat","embeddable":true,"href":"https:\/\/methodia.mx\/biblioteca\/wp-json\/wp\/v2\/product_cat?post=2587"},{"taxonomy":"product_tag","embeddable":true,"href":"https:\/\/methodia.mx\/biblioteca\/wp-json\/wp\/v2\/product_tag?post=2587"}],"curies":[{"name":"wp","href":"https:\/\/api.w.org\/{rel}","templated":true}]}}