{"id":2343,"date":"2022-07-28T15:55:51","date_gmt":"2022-07-28T15:55:51","guid":{"rendered":"https:\/\/methodia.mx\/biblioteca\/?post_type=product&#038;p=2343"},"modified":"2022-10-12T05:24:31","modified_gmt":"2022-10-12T05:24:31","slug":"operacion-de-venta-en-linea","status":"publish","type":"product","link":"https:\/\/methodia.mx\/biblioteca\/producto\/operacion-de-venta-en-linea\/","title":{"rendered":"Operacio\u0301n de venta en li\u0301nea"},"content":{"rendered":"","protected":false},"excerpt":{"rendered":"<p>Esta pol\u00edtica te ayudar\u00e1 a tener los lineamientos para realizar ventas por tel\u00e9fono o mensaje, ampliando tus canales de venta y ofreciendo calidad en la atenci\u00f3n al cliente.<\/p>\n<p>&nbsp;<\/p>\n","protected":false},"featured_media":2347,"template":"","meta":{"site-sidebar-layout":"default","site-content-layout":"default","ast-global-header-display":"","ast-main-header-display":"","ast-hfb-above-header-display":"","ast-hfb-below-header-display":"","ast-hfb-mobile-header-display":"","site-post-title":"","ast-breadcrumbs-content":"","ast-featured-img":"","footer-sml-layout":"","theme-transparent-header-meta":"default","adv-header-id-meta":"","stick-header-meta":"","header-above-stick-meta":"","header-main-stick-meta":"","header-below-stick-meta":""},"product_cat":[53],"product_tag":[],"_links":{"self":[{"href":"https:\/\/methodia.mx\/biblioteca\/wp-json\/wp\/v2\/product\/2343"}],"collection":[{"href":"https:\/\/methodia.mx\/biblioteca\/wp-json\/wp\/v2\/product"}],"about":[{"href":"https:\/\/methodia.mx\/biblioteca\/wp-json\/wp\/v2\/types\/product"}],"wp:featuredmedia":[{"embeddable":true,"href":"https:\/\/methodia.mx\/biblioteca\/wp-json\/wp\/v2\/media\/2347"}],"wp:attachment":[{"href":"https:\/\/methodia.mx\/biblioteca\/wp-json\/wp\/v2\/media?parent=2343"}],"wp:term":[{"taxonomy":"product_cat","embeddable":true,"href":"https:\/\/methodia.mx\/biblioteca\/wp-json\/wp\/v2\/product_cat?post=2343"},{"taxonomy":"product_tag","embeddable":true,"href":"https:\/\/methodia.mx\/biblioteca\/wp-json\/wp\/v2\/product_tag?post=2343"}],"curies":[{"name":"wp","href":"https:\/\/api.w.org\/{rel}","templated":true}]}}