{"id":2320,"date":"2022-07-27T16:47:58","date_gmt":"2022-07-27T16:47:58","guid":{"rendered":"https:\/\/methodia.mx\/biblioteca\/?post_type=product&#038;p=2320"},"modified":"2022-10-12T05:24:31","modified_gmt":"2022-10-12T05:24:31","slug":"logistica-de-cursos","status":"publish","type":"product","link":"https:\/\/methodia.mx\/biblioteca\/producto\/logistica-de-cursos\/","title":{"rendered":"Logi\u0301stica de cursos"},"content":{"rendered":"","protected":false},"excerpt":{"rendered":"<p>Este diagrama te ayudar\u00e1 a definir las capacitaciones que necesitas para tu equipo, as\u00ed como, conocer el proceso para llevarlo a cabo, eligiendo a los instructores del curso, llevando la log\u00edstica interna con el equipo y considerando el seguimiento para las actualizaciones.<\/p>\n","protected":false},"featured_media":2322,"template":"","meta":{"site-sidebar-layout":"default","site-content-layout":"default","ast-global-header-display":"","ast-main-header-display":"","ast-hfb-above-header-display":"","ast-hfb-below-header-display":"","ast-hfb-mobile-header-display":"","site-post-title":"","ast-breadcrumbs-content":"","ast-featured-img":"","footer-sml-layout":"","theme-transparent-header-meta":"default","adv-header-id-meta":"","stick-header-meta":"","header-above-stick-meta":"","header-main-stick-meta":"","header-below-stick-meta":""},"product_cat":[45],"product_tag":[],"_links":{"self":[{"href":"https:\/\/methodia.mx\/biblioteca\/wp-json\/wp\/v2\/product\/2320"}],"collection":[{"href":"https:\/\/methodia.mx\/biblioteca\/wp-json\/wp\/v2\/product"}],"about":[{"href":"https:\/\/methodia.mx\/biblioteca\/wp-json\/wp\/v2\/types\/product"}],"wp:featuredmedia":[{"embeddable":true,"href":"https:\/\/methodia.mx\/biblioteca\/wp-json\/wp\/v2\/media\/2322"}],"wp:attachment":[{"href":"https:\/\/methodia.mx\/biblioteca\/wp-json\/wp\/v2\/media?parent=2320"}],"wp:term":[{"taxonomy":"product_cat","embeddable":true,"href":"https:\/\/methodia.mx\/biblioteca\/wp-json\/wp\/v2\/product_cat?post=2320"},{"taxonomy":"product_tag","embeddable":true,"href":"https:\/\/methodia.mx\/biblioteca\/wp-json\/wp\/v2\/product_tag?post=2320"}],"curies":[{"name":"wp","href":"https:\/\/api.w.org\/{rel}","templated":true}]}}