{"id":1622,"date":"2022-06-28T02:53:34","date_gmt":"2022-06-28T02:53:34","guid":{"rendered":"https:\/\/methodia.mx\/biblioteca\/?post_type=product&#038;p=1622"},"modified":"2022-10-12T05:24:33","modified_gmt":"2022-10-12T05:24:33","slug":"reparto-de-producto-a-sucursales-1","status":"publish","type":"product","link":"https:\/\/methodia.mx\/biblioteca\/producto\/reparto-de-producto-a-sucursales-1\/","title":{"rendered":"Reparto de producto a sucursales 1"},"content":{"rendered":"","protected":false},"excerpt":{"rendered":"<p>Este diagrama te permitir\u00e1 establecer las actividades necesarias para llevar a cabo el reparto de producto desde un almac\u00e9n general a diferentes sucursales, desde la solicitud de surtido y hasta el acomodo f\u00edsico del producto en el almac\u00e9n de la sucursal solicitante.<\/p>\n","protected":false},"featured_media":1642,"template":"","meta":{"site-sidebar-layout":"default","site-content-layout":"default","ast-global-header-display":"","ast-main-header-display":"","ast-hfb-above-header-display":"","ast-hfb-below-header-display":"","ast-hfb-mobile-header-display":"","site-post-title":"","ast-breadcrumbs-content":"","ast-featured-img":"","footer-sml-layout":"","theme-transparent-header-meta":"default","adv-header-id-meta":"","stick-header-meta":"","header-above-stick-meta":"","header-main-stick-meta":"","header-below-stick-meta":""},"product_cat":[31,17],"product_tag":[],"_links":{"self":[{"href":"https:\/\/methodia.mx\/biblioteca\/wp-json\/wp\/v2\/product\/1622"}],"collection":[{"href":"https:\/\/methodia.mx\/biblioteca\/wp-json\/wp\/v2\/product"}],"about":[{"href":"https:\/\/methodia.mx\/biblioteca\/wp-json\/wp\/v2\/types\/product"}],"wp:featuredmedia":[{"embeddable":true,"href":"https:\/\/methodia.mx\/biblioteca\/wp-json\/wp\/v2\/media\/1642"}],"wp:attachment":[{"href":"https:\/\/methodia.mx\/biblioteca\/wp-json\/wp\/v2\/media?parent=1622"}],"wp:term":[{"taxonomy":"product_cat","embeddable":true,"href":"https:\/\/methodia.mx\/biblioteca\/wp-json\/wp\/v2\/product_cat?post=1622"},{"taxonomy":"product_tag","embeddable":true,"href":"https:\/\/methodia.mx\/biblioteca\/wp-json\/wp\/v2\/product_tag?post=1622"}],"curies":[{"name":"wp","href":"https:\/\/api.w.org\/{rel}","templated":true}]}}