{"id":1188,"date":"2022-06-25T20:08:10","date_gmt":"2022-06-25T20:08:10","guid":{"rendered":"https:\/\/methodia.mx\/biblioteca\/?post_type=product&#038;p=1188"},"modified":"2022-10-20T16:16:30","modified_gmt":"2022-10-20T16:16:30","slug":"carta-de-no-asignacion-de-credito","status":"publish","type":"product","link":"https:\/\/methodia.mx\/biblioteca\/producto\/carta-de-no-asignacion-de-credito\/","title":{"rendered":"Carta de no asignaci\u00f3n de cr\u00e9dito"},"content":{"rendered":"","protected":false},"excerpt":{"rendered":"<p>Con este formato podr\u00e1s informar a tu cliente sobre la decisi\u00f3n de no otorgarle un cr\u00e9dito.<\/p>\n","protected":false},"featured_media":2101,"template":"","meta":{"site-sidebar-layout":"default","site-content-layout":"default","ast-global-header-display":"","ast-main-header-display":"","ast-hfb-above-header-display":"","ast-hfb-below-header-display":"","ast-hfb-mobile-header-display":"","site-post-title":"","ast-breadcrumbs-content":"","ast-featured-img":"","footer-sml-layout":"","theme-transparent-header-meta":"default","adv-header-id-meta":"","stick-header-meta":"","header-above-stick-meta":"","header-main-stick-meta":"","header-below-stick-meta":""},"product_cat":[65,19],"product_tag":[],"_links":{"self":[{"href":"https:\/\/methodia.mx\/biblioteca\/wp-json\/wp\/v2\/product\/1188"}],"collection":[{"href":"https:\/\/methodia.mx\/biblioteca\/wp-json\/wp\/v2\/product"}],"about":[{"href":"https:\/\/methodia.mx\/biblioteca\/wp-json\/wp\/v2\/types\/product"}],"wp:featuredmedia":[{"embeddable":true,"href":"https:\/\/methodia.mx\/biblioteca\/wp-json\/wp\/v2\/media\/2101"}],"wp:attachment":[{"href":"https:\/\/methodia.mx\/biblioteca\/wp-json\/wp\/v2\/media?parent=1188"}],"wp:term":[{"taxonomy":"product_cat","embeddable":true,"href":"https:\/\/methodia.mx\/biblioteca\/wp-json\/wp\/v2\/product_cat?post=1188"},{"taxonomy":"product_tag","embeddable":true,"href":"https:\/\/methodia.mx\/biblioteca\/wp-json\/wp\/v2\/product_tag?post=1188"}],"curies":[{"name":"wp","href":"https:\/\/api.w.org\/{rel}","templated":true}]}}