{"id":1047,"date":"2022-06-22T03:52:02","date_gmt":"2022-06-22T03:52:02","guid":{"rendered":"https:\/\/methodia.mx\/biblioteca\/?post_type=product&#038;p=1047"},"modified":"2022-10-19T20:59:55","modified_gmt":"2022-10-19T20:59:55","slug":"tabla-de-contenido-en-redes-sociales","status":"publish","type":"product","link":"https:\/\/methodia.mx\/biblioteca\/producto\/tabla-de-contenido-en-redes-sociales\/","title":{"rendered":"Tabla de contenido en redes sociales"},"content":{"rendered":"","protected":false},"excerpt":{"rendered":"<p>Este formato te ayudar\u00e1 a programar y definir el contenido que elaborar\u00e1s para redes sociales, as\u00ed como los temas que abordar\u00e1s, fechas de lanzamiento e incluso los formatos del contenido.<\/p>\n","protected":false},"featured_media":1791,"template":"","meta":{"site-sidebar-layout":"default","site-content-layout":"default","ast-global-header-display":"","ast-main-header-display":"","ast-hfb-above-header-display":"","ast-hfb-below-header-display":"","ast-hfb-mobile-header-display":"","site-post-title":"","ast-breadcrumbs-content":"","ast-featured-img":"","footer-sml-layout":"","theme-transparent-header-meta":"default","adv-header-id-meta":"","stick-header-meta":"","header-above-stick-meta":"","header-main-stick-meta":"","header-below-stick-meta":""},"product_cat":[19,72],"product_tag":[],"_links":{"self":[{"href":"https:\/\/methodia.mx\/biblioteca\/wp-json\/wp\/v2\/product\/1047"}],"collection":[{"href":"https:\/\/methodia.mx\/biblioteca\/wp-json\/wp\/v2\/product"}],"about":[{"href":"https:\/\/methodia.mx\/biblioteca\/wp-json\/wp\/v2\/types\/product"}],"wp:featuredmedia":[{"embeddable":true,"href":"https:\/\/methodia.mx\/biblioteca\/wp-json\/wp\/v2\/media\/1791"}],"wp:attachment":[{"href":"https:\/\/methodia.mx\/biblioteca\/wp-json\/wp\/v2\/media?parent=1047"}],"wp:term":[{"taxonomy":"product_cat","embeddable":true,"href":"https:\/\/methodia.mx\/biblioteca\/wp-json\/wp\/v2\/product_cat?post=1047"},{"taxonomy":"product_tag","embeddable":true,"href":"https:\/\/methodia.mx\/biblioteca\/wp-json\/wp\/v2\/product_tag?post=1047"}],"curies":[{"name":"wp","href":"https:\/\/api.w.org\/{rel}","templated":true}]}}