{"id":1037,"date":"2022-06-22T03:45:50","date_gmt":"2022-06-22T03:45:50","guid":{"rendered":"https:\/\/methodia.mx\/biblioteca\/?post_type=product&#038;p=1037"},"modified":"2022-10-12T05:25:57","modified_gmt":"2022-10-12T05:25:57","slug":"solicitud-de-proyecto-construccion-remodelacion","status":"publish","type":"product","link":"https:\/\/methodia.mx\/biblioteca\/producto\/solicitud-de-proyecto-construccion-remodelacion\/","title":{"rendered":"Solicitud de proyecto construcci\u00f3n &#8211; remodelaci\u00f3n"},"content":{"rendered":"","protected":false},"excerpt":{"rendered":"<p>Este formato te ayudar\u00e1 a obtener obtener la solicitud de un nuevo proyecto de construcci\u00f3n, as\u00ed como conocer las problem\u00e1ticas existente y requerimientos en cuanto a necesidades y espacios.<\/p>\n","protected":false},"featured_media":1774,"template":"","meta":{"site-sidebar-layout":"default","site-content-layout":"default","ast-global-header-display":"","ast-main-header-display":"","ast-hfb-above-header-display":"","ast-hfb-below-header-display":"","ast-hfb-mobile-header-display":"","site-post-title":"","ast-breadcrumbs-content":"","ast-featured-img":"","footer-sml-layout":"","theme-transparent-header-meta":"default","adv-header-id-meta":"","stick-header-meta":"","header-above-stick-meta":"","header-main-stick-meta":"","header-below-stick-meta":""},"product_cat":[19,73],"product_tag":[],"_links":{"self":[{"href":"https:\/\/methodia.mx\/biblioteca\/wp-json\/wp\/v2\/product\/1037"}],"collection":[{"href":"https:\/\/methodia.mx\/biblioteca\/wp-json\/wp\/v2\/product"}],"about":[{"href":"https:\/\/methodia.mx\/biblioteca\/wp-json\/wp\/v2\/types\/product"}],"wp:featuredmedia":[{"embeddable":true,"href":"https:\/\/methodia.mx\/biblioteca\/wp-json\/wp\/v2\/media\/1774"}],"wp:attachment":[{"href":"https:\/\/methodia.mx\/biblioteca\/wp-json\/wp\/v2\/media?parent=1037"}],"wp:term":[{"taxonomy":"product_cat","embeddable":true,"href":"https:\/\/methodia.mx\/biblioteca\/wp-json\/wp\/v2\/product_cat?post=1037"},{"taxonomy":"product_tag","embeddable":true,"href":"https:\/\/methodia.mx\/biblioteca\/wp-json\/wp\/v2\/product_tag?post=1037"}],"curies":[{"name":"wp","href":"https:\/\/api.w.org\/{rel}","templated":true}]}}