{"id":1013,"date":"2022-06-22T03:22:38","date_gmt":"2022-06-22T03:22:38","guid":{"rendered":"https:\/\/methodia.mx\/biblioteca\/?post_type=product&#038;p=1013"},"modified":"2022-10-19T20:57:15","modified_gmt":"2022-10-19T20:57:15","slug":"programa-y-contenido-de-reuniones","status":"publish","type":"product","link":"https:\/\/methodia.mx\/biblioteca\/producto\/programa-y-contenido-de-reuniones\/","title":{"rendered":"Programa y contenido de reuniones"},"content":{"rendered":"","protected":false},"excerpt":{"rendered":"<p>Este formato te ayudar\u00e1 a definir las actividades que se realizar\u00e1n durante una sesi\u00f3n de trabajo.<\/p>\n","protected":false},"featured_media":1786,"template":"","meta":{"site-sidebar-layout":"default","site-content-layout":"default","ast-global-header-display":"","ast-main-header-display":"","ast-hfb-above-header-display":"","ast-hfb-below-header-display":"","ast-hfb-mobile-header-display":"","site-post-title":"","ast-breadcrumbs-content":"","ast-featured-img":"","footer-sml-layout":"","theme-transparent-header-meta":"default","adv-header-id-meta":"","stick-header-meta":"","header-above-stick-meta":"","header-main-stick-meta":"","header-below-stick-meta":""},"product_cat":[19,73],"product_tag":[],"_links":{"self":[{"href":"https:\/\/methodia.mx\/biblioteca\/wp-json\/wp\/v2\/product\/1013"}],"collection":[{"href":"https:\/\/methodia.mx\/biblioteca\/wp-json\/wp\/v2\/product"}],"about":[{"href":"https:\/\/methodia.mx\/biblioteca\/wp-json\/wp\/v2\/types\/product"}],"wp:featuredmedia":[{"embeddable":true,"href":"https:\/\/methodia.mx\/biblioteca\/wp-json\/wp\/v2\/media\/1786"}],"wp:attachment":[{"href":"https:\/\/methodia.mx\/biblioteca\/wp-json\/wp\/v2\/media?parent=1013"}],"wp:term":[{"taxonomy":"product_cat","embeddable":true,"href":"https:\/\/methodia.mx\/biblioteca\/wp-json\/wp\/v2\/product_cat?post=1013"},{"taxonomy":"product_tag","embeddable":true,"href":"https:\/\/methodia.mx\/biblioteca\/wp-json\/wp\/v2\/product_tag?post=1013"}],"curies":[{"name":"wp","href":"https:\/\/api.w.org\/{rel}","templated":true}]}}